{"id":1223,"date":"2020-01-29T18:21:37","date_gmt":"2020-01-29T17:21:37","guid":{"rendered":"https:\/\/www.connectall.es\/?page_id=1223"},"modified":"2023-09-19T15:47:12","modified_gmt":"2023-09-19T13:47:12","slug":"connectlab","status":"publish","type":"page","link":"https:\/\/www.connectall.es\/index.php\/connectlab\/","title":{"rendered":"ConnectLab"},"content":{"rendered":"\t\t<div data-elementor-type=\"wp-post\" data-elementor-id=\"1223\" class=\"elementor elementor-1223\">\n\t\t\t\t\t\t<section class=\"elementor-section elementor-top-section elementor-element elementor-element-4adf09b elementor-section-boxed elementor-section-height-default elementor-section-height-default\" data-id=\"4adf09b\" data-element_type=\"section\" data-e-type=\"section\">\n\t\t\t\t\t\t<div class=\"elementor-container elementor-column-gap-default\">\n\t\t\t\t\t<div class=\"elementor-column elementor-col-100 elementor-top-column elementor-element elementor-element-187792e\" data-id=\"187792e\" data-element_type=\"column\" data-e-type=\"column\">\n\t\t\t<div class=\"elementor-widget-wrap elementor-element-populated\">\n\t\t\t\t\t\t<section class=\"elementor-section elementor-inner-section elementor-element elementor-element-6076e23 elementor-section-boxed elementor-section-height-default elementor-section-height-default\" data-id=\"6076e23\" data-element_type=\"section\" data-e-type=\"section\">\n\t\t\t\t\t\t<div class=\"elementor-container elementor-column-gap-default\">\n\t\t\t\t\t<div class=\"elementor-column elementor-col-100 elementor-inner-column elementor-element elementor-element-da81a72\" data-id=\"da81a72\" data-element_type=\"column\" data-e-type=\"column\">\n\t\t\t<div class=\"elementor-widget-wrap elementor-element-populated\">\n\t\t\t\t\t\t<div class=\"elementor-element elementor-element-3a61854 elementor-widget elementor-widget-text-editor\" data-id=\"3a61854\" data-element_type=\"widget\" data-e-type=\"widget\" data-widget_type=\"text-editor.default\">\n\t\t\t\t<div class=\"elementor-widget-container\">\n\t\t\t\t\t\t\t\t\t<h3 class=\"elementor-image-box-title elementor-inline-editing pen\" style=\"font-style: normal; text-transform: none;\" data-elementor-setting-key=\"title_text\" data-elementor-inline-editing-toolbar=\"none\" data-pen-placeholder=\"Teclea aqu\u00ed...\">ConnectLab<\/h3>\t\t\t\t\t\t\t\t<\/div>\n\t\t\t\t<\/div>\n\t\t\t\t<div class=\"elementor-element elementor-element-vpmgumr elementor-widget-divider--view-line elementor-widget elementor-widget-divider\" data-id=\"vpmgumr\" data-element_type=\"widget\" data-e-type=\"widget\" data-widget_type=\"divider.default\">\n\t\t\t\t<div class=\"elementor-widget-container\">\n\t\t\t\t\t\t\t<div class=\"elementor-divider\">\n\t\t\t<span class=\"elementor-divider-separator\">\n\t\t\t\t\t\t<\/span>\n\t\t<\/div>\n\t\t\t\t\t\t<\/div>\n\t\t\t\t<\/div>\n\t\t\t\t<div class=\"elementor-element elementor-element-be034fa elementor-widget elementor-widget-text-editor\" data-id=\"be034fa\" data-element_type=\"widget\" data-e-type=\"widget\" data-widget_type=\"text-editor.default\">\n\t\t\t\t<div class=\"elementor-widget-container\">\n\t\t\t\t\t\t\t\t\t<p>Sistema de gesti\u00f3n e integraci\u00f3n de informaci\u00f3n que permite la optimizaci\u00f3n de los procesos aportando flexibilidad y planificaci\u00f3n en toda la <strong>fase preanal\u00edtica<\/strong>.<\/p>\t\t\t\t\t\t\t\t<\/div>\n\t\t\t\t<\/div>\n\t\t\t\t\t<\/div>\n\t\t<\/div>\n\t\t\t\t\t<\/div>\n\t\t<\/section>\n\t\t\t\t<section class=\"elementor-section elementor-inner-section elementor-element elementor-element-4633e6a elementor-section-boxed elementor-section-height-default elementor-section-height-default\" data-id=\"4633e6a\" data-element_type=\"section\" data-e-type=\"section\">\n\t\t\t\t\t\t<div class=\"elementor-container elementor-column-gap-default\">\n\t\t\t\t\t<div class=\"elementor-column elementor-col-100 elementor-inner-column elementor-element elementor-element-d62e90a\" data-id=\"d62e90a\" data-element_type=\"column\" data-e-type=\"column\" data-settings=\"{&quot;background_background&quot;:&quot;classic&quot;}\">\n\t\t\t<div class=\"elementor-widget-wrap elementor-element-populated\">\n\t\t\t\t\t\t<div class=\"elementor-element elementor-element-532dc65 elementor-widget__width-initial elementor-widget elementor-widget-accordion\" data-id=\"532dc65\" data-element_type=\"widget\" data-e-type=\"widget\" data-widget_type=\"accordion.default\">\n\t\t\t\t<div class=\"elementor-widget-container\">\n\t\t\t\t\t\t\t<div class=\"elementor-accordion\">\n\t\t\t\t\t\t\t<div class=\"elementor-accordion-item\">\n\t\t\t\t\t<div id=\"elementor-tab-title-8721\" class=\"elementor-tab-title\" data-tab=\"1\" role=\"button\" aria-controls=\"elementor-tab-content-8721\" aria-expanded=\"false\">\n\t\t\t\t\t\t\t\t\t\t\t\t\t<span class=\"elementor-accordion-icon elementor-accordion-icon-left\" aria-hidden=\"true\">\n\t\t\t\t\t\t\t\t\t\t\t\t\t\t\t<span class=\"elementor-accordion-icon-closed\"><i class=\"fas fa-plus\"><\/i><\/span>\n\t\t\t\t\t\t\t\t<span class=\"elementor-accordion-icon-opened\"><i class=\"fas fa-minus\"><\/i><\/span>\n\t\t\t\t\t\t\t\t\t\t\t\t\t\t<\/span>\n\t\t\t\t\t\t\t\t\t\t\t\t<a class=\"elementor-accordion-title\" tabindex=\"0\">Integraci\u00f3n de sistemas<\/a>\n\t\t\t\t\t<\/div>\n\t\t\t\t\t<div id=\"elementor-tab-content-8721\" class=\"elementor-tab-content elementor-clearfix\" data-tab=\"1\" role=\"region\" aria-labelledby=\"elementor-tab-title-8721\"><p>Gesti\u00f3n e integraci\u00f3n entre los sistemas de Informaci\u00f3n de Laboratorio (SIL) y el sistema de Informaci\u00f3n Hospitalario (SIH) en los dos sentidos.\u00a0<\/p><ul><li>Gestionando la fase preanal\u00edtica en el SIH y enviando la carga de trabajo a los distintos SIL.<\/li><li>Integrando en la Historia Cl\u00ednica Electr\u00f3nica los resultados de las pruebas efectuadas en los distintos SIL.<\/li><li>Distribuyendo resultados en distintos \u00e1mbitos.<\/li><\/ul><\/div>\n\t\t\t\t<\/div>\n\t\t\t\t\t\t\t<div class=\"elementor-accordion-item\">\n\t\t\t\t\t<div id=\"elementor-tab-title-8722\" class=\"elementor-tab-title\" data-tab=\"2\" role=\"button\" aria-controls=\"elementor-tab-content-8722\" aria-expanded=\"false\">\n\t\t\t\t\t\t\t\t\t\t\t\t\t<span class=\"elementor-accordion-icon elementor-accordion-icon-left\" aria-hidden=\"true\">\n\t\t\t\t\t\t\t\t\t\t\t\t\t\t\t<span class=\"elementor-accordion-icon-closed\"><i class=\"fas fa-plus\"><\/i><\/span>\n\t\t\t\t\t\t\t\t<span class=\"elementor-accordion-icon-opened\"><i class=\"fas fa-minus\"><\/i><\/span>\n\t\t\t\t\t\t\t\t\t\t\t\t\t\t<\/span>\n\t\t\t\t\t\t\t\t\t\t\t\t<a class=\"elementor-accordion-title\" tabindex=\"0\">Fase preanal\u00edtica<\/a>\n\t\t\t\t\t<\/div>\n\t\t\t\t\t<div id=\"elementor-tab-content-8722\" class=\"elementor-tab-content elementor-clearfix\" data-tab=\"2\" role=\"region\" aria-labelledby=\"elementor-tab-title-8722\"><p>\u00abProcesos que comienzan cronol\u00f3gica a partir de la petici\u00f3n del m\u00e9dico cl\u00ednico e incluyen la petici\u00f3n de los an\u00e1lisis, la preparaci\u00f3n del paciente, la recogida de la muestra primaria y el transporte hasta el interior del laboratorio, y que terminan cuando comienza el procedimiento anal\u00edtico.\u00bb<\/p><p><strong>Norma UNE-EN ISO 15189:2003 \u2013 Laboratorio Cl\u00ednico: Requisitos particulares relativos a la calidad y a la competencia<\/strong><\/p><\/div>\n\t\t\t\t<\/div>\n\t\t\t\t\t\t\t<div class=\"elementor-accordion-item\">\n\t\t\t\t\t<div id=\"elementor-tab-title-8723\" class=\"elementor-tab-title\" data-tab=\"3\" role=\"button\" aria-controls=\"elementor-tab-content-8723\" aria-expanded=\"false\">\n\t\t\t\t\t\t\t\t\t\t\t\t\t<span class=\"elementor-accordion-icon elementor-accordion-icon-left\" aria-hidden=\"true\">\n\t\t\t\t\t\t\t\t\t\t\t\t\t\t\t<span class=\"elementor-accordion-icon-closed\"><i class=\"fas fa-plus\"><\/i><\/span>\n\t\t\t\t\t\t\t\t<span class=\"elementor-accordion-icon-opened\"><i class=\"fas fa-minus\"><\/i><\/span>\n\t\t\t\t\t\t\t\t\t\t\t\t\t\t<\/span>\n\t\t\t\t\t\t\t\t\t\t\t\t<a class=\"elementor-accordion-title\" tabindex=\"0\">Estudio del Layout de la Sala<\/a>\n\t\t\t\t\t<\/div>\n\t\t\t\t\t<div id=\"elementor-tab-content-8723\" class=\"elementor-tab-content elementor-clearfix\" data-tab=\"3\" role=\"region\" aria-labelledby=\"elementor-tab-title-8723\"><ul><li>Dimensionando, optimizaci\u00f3n de espacios y distribuci\u00f3n.<\/li><li>An\u00e1lisis de circuitos, direccionamiento de flujos y se\u00f1al\u00e9tica necesaria.<\/li><li>Estudio de ergonom\u00eda, funcionalidad y seguridad en el puesto de trabajo.<\/li><\/ul><\/div>\n\t\t\t\t<\/div>\n\t\t\t\t\t\t\t\t<\/div>\n\t\t\t\t\t\t<\/div>\n\t\t\t\t<\/div>\n\t\t\t\t\t<\/div>\n\t\t<\/div>\n\t\t\t\t\t<\/div>\n\t\t<\/section>\n\t\t\t\t<section class=\"elementor-section elementor-inner-section elementor-element elementor-element-a8f64ed elementor-section-boxed elementor-section-height-default elementor-section-height-default\" data-id=\"a8f64ed\" data-element_type=\"section\" data-e-type=\"section\">\n\t\t\t\t\t\t<div class=\"elementor-container elementor-column-gap-default\">\n\t\t\t\t\t<div class=\"elementor-column elementor-col-100 elementor-inner-column elementor-element elementor-element-82bbb53\" data-id=\"82bbb53\" data-element_type=\"column\" data-e-type=\"column\" data-settings=\"{&quot;background_background&quot;:&quot;classic&quot;}\">\n\t\t\t<div class=\"elementor-widget-wrap elementor-element-populated\">\n\t\t\t\t\t\t<div class=\"elementor-element elementor-element-479f611 elementor-widget elementor-widget-text-editor\" data-id=\"479f611\" data-element_type=\"widget\" data-e-type=\"widget\" data-widget_type=\"text-editor.default\">\n\t\t\t\t<div class=\"elementor-widget-container\">\n\t\t\t\t\t\t\t\t\t<h4 class=\"elementor-image-box-title elementor-inline-editing pen\" style=\"font-style: normal; text-transform: none;\" data-elementor-setting-key=\"title_text\" data-elementor-inline-editing-toolbar=\"none\" data-pen-placeholder=\"Teclea aqu\u00ed...\">ConnectHall<\/h4>\t\t\t\t\t\t\t\t<\/div>\n\t\t\t\t<\/div>\n\t\t\t\t<div class=\"elementor-element elementor-element-07ab533 elementor-widget-divider--view-line elementor-widget elementor-widget-divider\" data-id=\"07ab533\" data-element_type=\"widget\" data-e-type=\"widget\" data-widget_type=\"divider.default\">\n\t\t\t\t<div class=\"elementor-widget-container\">\n\t\t\t\t\t\t\t<div class=\"elementor-divider\">\n\t\t\t<span class=\"elementor-divider-separator\">\n\t\t\t\t\t\t<\/span>\n\t\t<\/div>\n\t\t\t\t\t\t<\/div>\n\t\t\t\t<\/div>\n\t\t\t\t<div class=\"elementor-element elementor-element-dc1c9cc elementor-widget elementor-widget-text-editor\" data-id=\"dc1c9cc\" data-element_type=\"widget\" data-e-type=\"widget\" data-widget_type=\"text-editor.default\">\n\t\t\t\t<div class=\"elementor-widget-container\">\n\t\t\t\t\t\t\t\t\t<p>Sistema de informaci\u00f3n y atenci\u00f3n a los pacientes que ofrece una soluci\u00f3n eficiente para la optimizaci\u00f3n de recursos y espacios en el \u00e1rea de toma de muestras.<\/p><ul><li>Identificaci\u00f3n autom\u00e1tica del paciente a trav\u00e9s del Punto de Atenci\u00f3n Multimedia<\/li><li>Atenci\u00f3n personalizada a los pacientes que la requieran mediante el Puesto de Gesti\u00f3n de Incidencias<\/li><li>Gesti\u00f3n de turnos de espera priorizando y dirigiendo a los pacientes en funci\u00f3n de sus caracter\u00edsticas<\/li><li>Llamadas al paciente mediante pantallas y sistemas de megafon\u00eda automatizada<\/li><li>Presentaci\u00f3n al profesional de la informaci\u00f3n sobre el paciente y de los envases de muestras a obtener<\/li><li>Obtenci\u00f3n de informaci\u00f3n detallada de la toma de muestra y de las incidencias producidas<\/li><li>Explotaci\u00f3n estad\u00edstica de informaci\u00f3n generada<\/li><\/ul>\t\t\t\t\t\t\t\t<\/div>\n\t\t\t\t<\/div>\n\t\t\t\t<div class=\"elementor-element elementor-element-ccb1bf7 elementor-widget elementor-widget-text-editor\" data-id=\"ccb1bf7\" data-element_type=\"widget\" data-e-type=\"widget\" data-widget_type=\"text-editor.default\">\n\t\t\t\t<div class=\"elementor-widget-container\">\n\t\t\t\t\t\t\t\t\t<p><strong>M\u00e1s informaci\u00f3n sobre el Sistema ConnectHall en nuestro apartado de Productos<\/strong><\/p>\t\t\t\t\t\t\t\t<\/div>\n\t\t\t\t<\/div>\n\t\t\t\t\t<\/div>\n\t\t<\/div>\n\t\t\t\t\t<\/div>\n\t\t<\/section>\n\t\t\t\t<section class=\"elementor-section elementor-inner-section elementor-element elementor-element-81b41a9 elementor-section-boxed elementor-section-height-default elementor-section-height-default\" data-id=\"81b41a9\" data-element_type=\"section\" data-e-type=\"section\">\n\t\t\t\t\t\t<div class=\"elementor-container elementor-column-gap-default\">\n\t\t\t\t\t<div class=\"elementor-column elementor-col-100 elementor-inner-column elementor-element elementor-element-dd714f5\" data-id=\"dd714f5\" data-element_type=\"column\" data-e-type=\"column\" data-settings=\"{&quot;background_background&quot;:&quot;classic&quot;}\">\n\t\t\t<div class=\"elementor-widget-wrap elementor-element-populated\">\n\t\t\t\t\t\t<div class=\"elementor-element elementor-element-39a5cee elementor-widget elementor-widget-text-editor\" data-id=\"39a5cee\" data-element_type=\"widget\" data-e-type=\"widget\" data-widget_type=\"text-editor.default\">\n\t\t\t\t<div class=\"elementor-widget-container\">\n\t\t\t\t\t\t\t\t\t<h4 class=\"elementor-image-box-title elementor-inline-editing pen\" style=\"font-style: normal; text-transform: none;\" data-elementor-setting-key=\"title_text\" data-elementor-inline-editing-toolbar=\"none\" data-pen-placeholder=\"Teclea aqu\u00ed...\">Ventajas de ConnectLab<\/h4>\t\t\t\t\t\t\t\t<\/div>\n\t\t\t\t<\/div>\n\t\t\t\t<div class=\"elementor-element elementor-element-8fc9cda elementor-widget-divider--view-line elementor-widget elementor-widget-divider\" data-id=\"8fc9cda\" data-element_type=\"widget\" data-e-type=\"widget\" data-widget_type=\"divider.default\">\n\t\t\t\t<div class=\"elementor-widget-container\">\n\t\t\t\t\t\t\t<div class=\"elementor-divider\">\n\t\t\t<span class=\"elementor-divider-separator\">\n\t\t\t\t\t\t<\/span>\n\t\t<\/div>\n\t\t\t\t\t\t<\/div>\n\t\t\t\t<\/div>\n\t\t\t\t<div class=\"elementor-element elementor-element-68228f9 elementor-widget elementor-widget-text-editor\" data-id=\"68228f9\" data-element_type=\"widget\" data-e-type=\"widget\" data-widget_type=\"text-editor.default\">\n\t\t\t\t<div class=\"elementor-widget-container\">\n\t\t\t\t\t\t\t\t\t<p>El sistema permite una reingenier\u00eda de procesos enfocados a la organizaci\u00f3n de las tareas, a la mejora de la calidad de la atenci\u00f3n al paciente y de los profesionales que la prestan facilitando las siguientes operaciones:<\/p><ul><li>Introducci\u00f3n de las peticiones al sistema mediante petici\u00f3n electr\u00f3nica y\/o esc\u00e1ner (ConnectScan), facilitando el acceso a la petici\u00f3n desde cualquier punto autorizado.\u00a0<\/li><li>Citaci\u00f3n, registro y validaci\u00f3n de las peticiones, permitiendo el conocimiento y programaci\u00f3n de la carga de trabajo en la toma de muestras y en el laboratorio.<\/li><li>Instrucciones gen\u00e9ricas o particulares para la recogida de muestras a los pacientes en funci\u00f3n de las pruebas solicitadas.<\/li><li>Generaci\u00f3n de etiquetas de c\u00f3digo de barras personalizadas al paciente y la petici\u00f3n.<\/li><li>Gesti\u00f3n de los procesos preanal\u00edticas de todos los c\u00edrcuitos existentes: Urgencias, Hospitalizaci\u00f3n, Consultas Externas&#8230;<\/li><li>Gesti\u00f3n de espera, turno, llamada y asignaci\u00f3n de box de toma de muestras dependiendo de las peculiaridades del paciente o de la petici\u00f3n.<\/li><li>Consolidaci\u00f3n de la relaci\u00f3n un\u00edvoca del identificador \u00fanico del paciente con el identificador \u00fanico de muestra.\u00a0<\/li><li>Control y monitorizaci\u00f3n de la actividad desarrollada en la sala de toma de muestras, permitiendo promover estrategias basadas en datos objetivos.<\/li><li>Trazabilidad de la muestra y gesti\u00f3n de las incidencias.<\/li><li>Distribuci\u00f3n garantizada de resultados e inserci\u00f3n en la Historia Cl\u00ednica Electr\u00f3nica.<\/li><\/ul>\t\t\t\t\t\t\t\t<\/div>\n\t\t\t\t<\/div>\n\t\t\t\t\t<\/div>\n\t\t<\/div>\n\t\t\t\t\t<\/div>\n\t\t<\/section>\n\t\t\t\t\t<\/div>\n\t\t<\/div>\n\t\t\t\t\t<\/div>\n\t\t<\/section>\n\t\t\t\t<section class=\"elementor-section elementor-top-section elementor-element elementor-element-c9d2060 elementor-section-boxed elementor-section-height-default elementor-section-height-default\" data-id=\"c9d2060\" data-element_type=\"section\" data-e-type=\"section\">\n\t\t\t\t\t\t<div class=\"elementor-container elementor-column-gap-default\">\n\t\t\t\t\t<div class=\"elementor-column elementor-col-100 elementor-top-column elementor-element elementor-element-2a0f590\" data-id=\"2a0f590\" data-element_type=\"column\" data-e-type=\"column\">\n\t\t\t<div class=\"elementor-widget-wrap elementor-element-populated\">\n\t\t\t\t\t\t<div class=\"elementor-element elementor-element-47da47d elementor-align-center elementor-widget elementor-widget-button\" data-id=\"47da47d\" data-element_type=\"widget\" data-e-type=\"widget\" data-widget_type=\"button.default\">\n\t\t\t\t<div class=\"elementor-widget-container\">\n\t\t\t\t\t\t\t\t\t<div class=\"elementor-button-wrapper\">\n\t\t\t\t\t<a class=\"elementor-button elementor-button-link elementor-size-sm\" href=\"https:\/\/www.connectall.es\/wp-content\/uploads\/CatalogoCHALLPaginas.pdf\" target=\"_blank\">\n\t\t\t\t\t\t<span class=\"elementor-button-content-wrapper\">\n\t\t\t\t\t\t\t\t\t<span class=\"elementor-button-text\">DESCARGAR PDF<\/span>\n\t\t\t\t\t<\/span>\n\t\t\t\t\t<\/a>\n\t\t\t\t<\/div>\n\t\t\t\t\t\t\t\t<\/div>\n\t\t\t\t<\/div>\n\t\t\t\t\t<\/div>\n\t\t<\/div>\n\t\t\t\t\t<\/div>\n\t\t<\/section>\n\t\t\t\t<\/div>\n\t\t","protected":false},"excerpt":{"rendered":"<p>ConnectLab Sistema de gesti\u00f3n e integraci\u00f3n de informaci\u00f3n que permite la optimizaci\u00f3n de los procesos aportando flexibilidad y planificaci\u00f3n en toda la fase preanal\u00edtica. Integraci\u00f3n de sistemas Gesti\u00f3n e integraci\u00f3n entre los sistemas de Informaci\u00f3n de Laboratorio (SIL) y el sistema de Informaci\u00f3n Hospitalario (SIH) en los dos sentidos.\u00a0 Gestionando la fase preanal\u00edtica en el [&hellip;]<\/p>\n","protected":false},"author":3,"featured_media":0,"parent":0,"menu_order":0,"comment_status":"closed","ping_status":"closed","template":"","meta":{"site-sidebar-layout":"no-sidebar","site-content-layout":"page-builder","ast-site-content-layout":"","site-content-style":"default","site-sidebar-style":"default","ast-global-header-display":"","ast-banner-title-visibility":"","ast-main-header-display":"","ast-hfb-above-header-display":"","ast-hfb-below-header-display":"","ast-hfb-mobile-header-display":"","site-post-title":"disabled","ast-breadcrumbs-content":"","ast-featured-img":"disabled","footer-sml-layout":"","theme-transparent-header-meta":"default","adv-header-id-meta":"","stick-header-meta":"","header-above-stick-meta":"","header-main-stick-meta":"","header-below-stick-meta":"","astra-migrate-meta-layouts":"default","ast-page-background-enabled":"default","ast-page-background-meta":{"desktop":{"background-color":"var(--ast-global-color-4)","background-image":"","background-repeat":"repeat","background-position":"center center","background-size":"auto","background-attachment":"scroll","background-type":"","background-media":"","overlay-type":"","overlay-color":"","overlay-opacity":"","overlay-gradient":""},"tablet":{"background-color":"","background-image":"","background-repeat":"repeat","background-position":"center center","background-size":"auto","background-attachment":"scroll","background-type":"","background-media":"","overlay-type":"","overlay-color":"","overlay-opacity":"","overlay-gradient":""},"mobile":{"background-color":"","background-image":"","background-repeat":"repeat","background-position":"center center","background-size":"auto","background-attachment":"scroll","background-type":"","background-media":"","overlay-type":"","overlay-color":"","overlay-opacity":"","overlay-gradient":""}},"ast-content-background-meta":{"desktop":{"background-color":"var(--ast-global-color-5)","background-image":"","background-repeat":"repeat","background-position":"center center","background-size":"auto","background-attachment":"scroll","background-type":"","background-media":"","overlay-type":"","overlay-color":"","overlay-opacity":"","overlay-gradient":""},"tablet":{"background-color":"var(--ast-global-color-5)","background-image":"","background-repeat":"repeat","background-position":"center center","background-size":"auto","background-attachment":"scroll","background-type":"","background-media":"","overlay-type":"","overlay-color":"","overlay-opacity":"","overlay-gradient":""},"mobile":{"background-color":"var(--ast-global-color-5)","background-image":"","background-repeat":"repeat","background-position":"center center","background-size":"auto","background-attachment":"scroll","background-type":"","background-media":"","overlay-type":"","overlay-color":"","overlay-opacity":"","overlay-gradient":""}},"footnotes":""},"class_list":["post-1223","page","type-page","status-publish","hentry"],"_links":{"self":[{"href":"https:\/\/www.connectall.es\/index.php\/wp-json\/wp\/v2\/pages\/1223","targetHints":{"allow":["GET"]}}],"collection":[{"href":"https:\/\/www.connectall.es\/index.php\/wp-json\/wp\/v2\/pages"}],"about":[{"href":"https:\/\/www.connectall.es\/index.php\/wp-json\/wp\/v2\/types\/page"}],"author":[{"embeddable":true,"href":"https:\/\/www.connectall.es\/index.php\/wp-json\/wp\/v2\/users\/3"}],"replies":[{"embeddable":true,"href":"https:\/\/www.connectall.es\/index.php\/wp-json\/wp\/v2\/comments?post=1223"}],"version-history":[{"count":9,"href":"https:\/\/www.connectall.es\/index.php\/wp-json\/wp\/v2\/pages\/1223\/revisions"}],"predecessor-version":[{"id":1458,"href":"https:\/\/www.connectall.es\/index.php\/wp-json\/wp\/v2\/pages\/1223\/revisions\/1458"}],"wp:attachment":[{"href":"https:\/\/www.connectall.es\/index.php\/wp-json\/wp\/v2\/media?parent=1223"}],"curies":[{"name":"wp","href":"https:\/\/api.w.org\/{rel}","templated":true}]}}